{"id":17235,"date":"2025-12-01T11:37:24","date_gmt":"2025-12-01T14:37:24","guid":{"rendered":"https:\/\/solutidigital.com\/?page_id=17235"},"modified":"2026-01-19T11:45:36","modified_gmt":"2026-01-19T14:45:36","slug":"disclaimer","status":"publish","type":"page","link":"https:\/\/solutidigital.com\/bg_eu\/disclaimer\/","title":{"rendered":"Aviso Legal (Disclaimer)"},"content":{"rendered":"<html><body><p><strong>Aviso:<\/strong> O site <strong>solutidigital.com<\/strong> nunca solicita dinheiro aos seus usu\u00e1rios. Portanto, se durante a sua navega\u00e7\u00e3o aparecer alguma janela solicitando pagamento, pedimos que nos informe imediatamente e saia do site sem demora.<\/p>\n\n\n\n<p><strong>Observa\u00e7\u00f5es:<\/strong> THE <strong>solutidigital.com<\/strong> \u00e9 um site informativo cujo objetivo \u00e9 fornecer conte\u00fado de qualidade aos seus usu\u00e1rios. No entanto, devido \u00e0 r\u00e1pida evolu\u00e7\u00e3o das informa\u00e7\u00f5es, alguns artigos podem n\u00e3o estar totalmente atualizados.<\/p>\n\n\n\n<p>Embora fa\u00e7amos o poss\u00edvel para manter o site constantemente atualizado, n\u00e3o nos responsabilizamos por eventuais diverg\u00eancias em rela\u00e7\u00e3o a outras fontes de informa\u00e7\u00e3o.<\/p>\n\n\n\n<p><strong>Parceiros:<\/strong> A principal fonte de receita do <strong>finances.solutidigital.com<\/strong> prov\u00e9m da publicidade. Gra\u00e7as aos nossos parceiros anunciantes, o site recebe uma parte da receita gerada. No entanto, esclarecemos que n\u00e3o nos responsabilizamos pelo conte\u00fado dos an\u00fancios exibidos em nosso site.<\/p>\n\n\n\n<p><strong>Considera\u00e7\u00f5es Finais:<\/strong> Se voc\u00ea busca informa\u00e7\u00f5es confi\u00e1veis, o <strong>solutidigital.com<\/strong> \u00e9 um bom recurso. Ainda assim, tenha em mente que os artigos nem sempre s\u00e3o atualizados em tempo real. Para obter informa\u00e7\u00f5es mais recentes, recomendamos consultar diretamente os sites oficiais.<\/p>\n\n\n\n<p><\/p>\n<\/body><\/html>","protected":false},"excerpt":{"rendered":"<p>Aviso: O site solutidigital.com nunca solicita dinheiro aos seus usu\u00e1rios. Portanto, se durante a sua navega\u00e7\u00e3o aparecer alguma janela solicitando pagamento, pedimos que nos informe imediatamente e saia do site sem demora. Observa\u00e7\u00f5es: O solutidigital.com \u00e9 um site informativo cujo objetivo \u00e9 fornecer conte\u00fado de qualidade aos seus usu\u00e1rios. No entanto, devido \u00e0 r\u00e1pida evolu\u00e7\u00e3o [&hellip;]<\/p>\n","protected":false},"author":7,"featured_media":0,"parent":0,"menu_order":0,"comment_status":"closed","ping_status":"closed","template":"","meta":{"footnotes":""},"class_list":["post-17235","page","type-page","status-publish","hentry"],"yoast_head":"<!-- This site is optimized with the Yoast SEO plugin v27.4 - https:\/\/yoast.com\/product\/yoast-seo-wordpress\/ -->\n<title>Aviso Legal (Disclaimer) - Soluti Digital<\/title>\n<meta name=\"robots\" content=\"index, follow, max-snippet:-1, max-image-preview:large, max-video-preview:-1\" \/>\n<link rel=\"canonical\" href=\"https:\/\/solutidigital.com\/bg_eu\/disclaimer\/\" \/>\n<meta property=\"og:locale\" content=\"bg_BG\" \/>\n<meta property=\"og:type\" content=\"article\" \/>\n<meta property=\"og:title\" content=\"Aviso Legal (Disclaimer) - Soluti Digital\" \/>\n<meta property=\"og:description\" content=\"Aviso: O site solutidigital.com nunca solicita dinheiro aos seus usu\u00e1rios. Portanto, se durante a sua navega\u00e7\u00e3o aparecer alguma janela solicitando pagamento, pedimos que nos informe imediatamente e saia do site sem demora. Observa\u00e7\u00f5es: O solutidigital.com \u00e9 um site informativo cujo objetivo \u00e9 fornecer conte\u00fado de qualidade aos seus usu\u00e1rios. No entanto, devido \u00e0 r\u00e1pida evolu\u00e7\u00e3o [&hellip;]\" \/>\n<meta property=\"og:url\" content=\"https:\/\/solutidigital.com\/bg_eu\/disclaimer\/\" \/>\n<meta property=\"og:site_name\" content=\"Soluti Digital\" \/>\n<meta property=\"article:modified_time\" content=\"2026-01-19T14:45:36+00:00\" \/>\n<meta name=\"twitter:card\" content=\"summary_large_image\" \/>\n<meta name=\"twitter:label1\" content=\"Est. reading time\" \/>\n\t<meta name=\"twitter:data1\" content=\"1 minute\" \/>\n<script type=\"application\/ld+json\" class=\"yoast-schema-graph\">{\"@context\":\"https:\\\/\\\/schema.org\",\"@graph\":[{\"@type\":\"WebPage\",\"@id\":\"https:\\\/\\\/solutidigital.com\\\/disclaimer\\\/\",\"url\":\"https:\\\/\\\/solutidigital.com\\\/disclaimer\\\/\",\"name\":\"Aviso Legal (Disclaimer) - Soluti Digital\",\"isPartOf\":{\"@id\":\"https:\\\/\\\/solutidigital.com\\\/#website\"},\"datePublished\":\"2025-12-01T14:37:24+00:00\",\"dateModified\":\"2026-01-19T14:45:36+00:00\",\"breadcrumb\":{\"@id\":\"https:\\\/\\\/solutidigital.com\\\/disclaimer\\\/#breadcrumb\"},\"inLanguage\":\"bg-eu\",\"potentialAction\":[{\"@type\":\"ReadAction\",\"target\":[\"https:\\\/\\\/solutidigital.com\\\/disclaimer\\\/\"]}]},{\"@type\":\"BreadcrumbList\",\"@id\":\"https:\\\/\\\/solutidigital.com\\\/disclaimer\\\/#breadcrumb\",\"itemListElement\":[{\"@type\":\"ListItem\",\"position\":1,\"name\":\"In\u00edcio\",\"item\":\"https:\\\/\\\/solutidigital.com\\\/\"},{\"@type\":\"ListItem\",\"position\":2,\"name\":\"Aviso Legal (Disclaimer)\"}]},{\"@type\":\"WebSite\",\"@id\":\"https:\\\/\\\/solutidigital.com\\\/#website\",\"url\":\"https:\\\/\\\/solutidigital.com\\\/\",\"name\":\"Soluti Digital\",\"description\":\"\",\"potentialAction\":[{\"@type\":\"SearchAction\",\"target\":{\"@type\":\"EntryPoint\",\"urlTemplate\":\"https:\\\/\\\/solutidigital.com\\\/?s={search_term_string}\"},\"query-input\":{\"@type\":\"PropertyValueSpecification\",\"valueRequired\":true,\"valueName\":\"search_term_string\"}}],\"inLanguage\":\"bg-eu\"}]}<\/script>\n<!-- \/ Yoast SEO plugin. -->","yoast_head_json":{"title":"Aviso Legal (Disclaimer) - Soluti Digital","robots":{"index":"index","follow":"follow","max-snippet":"max-snippet:-1","max-image-preview":"max-image-preview:large","max-video-preview":"max-video-preview:-1"},"canonical":"https:\/\/solutidigital.com\/bg_eu\/disclaimer\/","og_locale":"bg_BG","og_type":"article","og_title":"Aviso Legal (Disclaimer) - Soluti Digital","og_description":"Aviso: O site solutidigital.com nunca solicita dinheiro aos seus usu\u00e1rios. Portanto, se durante a sua navega\u00e7\u00e3o aparecer alguma janela solicitando pagamento, pedimos que nos informe imediatamente e saia do site sem demora. Observa\u00e7\u00f5es: O solutidigital.com \u00e9 um site informativo cujo objetivo \u00e9 fornecer conte\u00fado de qualidade aos seus usu\u00e1rios. No entanto, devido \u00e0 r\u00e1pida evolu\u00e7\u00e3o [&hellip;]","og_url":"https:\/\/solutidigital.com\/bg_eu\/disclaimer\/","og_site_name":"Soluti Digital","article_modified_time":"2026-01-19T14:45:36+00:00","twitter_card":"summary_large_image","twitter_misc":{"Est. reading time":"1 minute"},"schema":{"@context":"https:\/\/schema.org","@graph":[{"@type":"WebPage","@id":"https:\/\/solutidigital.com\/disclaimer\/","url":"https:\/\/solutidigital.com\/disclaimer\/","name":"Aviso Legal (Disclaimer) - Soluti Digital","isPartOf":{"@id":"https:\/\/solutidigital.com\/#website"},"datePublished":"2025-12-01T14:37:24+00:00","dateModified":"2026-01-19T14:45:36+00:00","breadcrumb":{"@id":"https:\/\/solutidigital.com\/disclaimer\/#breadcrumb"},"inLanguage":"bg-eu","potentialAction":[{"@type":"ReadAction","target":["https:\/\/solutidigital.com\/disclaimer\/"]}]},{"@type":"BreadcrumbList","@id":"https:\/\/solutidigital.com\/disclaimer\/#breadcrumb","itemListElement":[{"@type":"ListItem","position":1,"name":"In\u00edcio","item":"https:\/\/solutidigital.com\/"},{"@type":"ListItem","position":2,"name":"Aviso Legal (Disclaimer)"}]},{"@type":"WebSite","@id":"https:\/\/solutidigital.com\/#website","url":"https:\/\/solutidigital.com\/","name":"\u0426\u0438\u0444\u0440\u043e\u0432\u0438 \u0440\u0435\u0448\u0435\u043d\u0438\u044f","description":"","potentialAction":[{"@type":"SearchAction","target":{"@type":"EntryPoint","urlTemplate":"https:\/\/solutidigital.com\/?s={search_term_string}"},"query-input":{"@type":"PropertyValueSpecification","valueRequired":true,"valueName":"search_term_string"}}],"inLanguage":"bg-eu"}]}},"_links":{"self":[{"href":"https:\/\/solutidigital.com\/bg_eu\/wp-json\/wp\/v2\/pages\/17235","targetHints":{"allow":["GET"]}}],"collection":[{"href":"https:\/\/solutidigital.com\/bg_eu\/wp-json\/wp\/v2\/pages"}],"about":[{"href":"https:\/\/solutidigital.com\/bg_eu\/wp-json\/wp\/v2\/types\/page"}],"author":[{"embeddable":true,"href":"https:\/\/solutidigital.com\/bg_eu\/wp-json\/wp\/v2\/users\/7"}],"replies":[{"embeddable":true,"href":"https:\/\/solutidigital.com\/bg_eu\/wp-json\/wp\/v2\/comments?post=17235"}],"version-history":[{"count":2,"href":"https:\/\/solutidigital.com\/bg_eu\/wp-json\/wp\/v2\/pages\/17235\/revisions"}],"predecessor-version":[{"id":17253,"href":"https:\/\/solutidigital.com\/bg_eu\/wp-json\/wp\/v2\/pages\/17235\/revisions\/17253"}],"wp:attachment":[{"href":"https:\/\/solutidigital.com\/bg_eu\/wp-json\/wp\/v2\/media?parent=17235"}],"curies":[{"name":"wp","href":"https:\/\/api.w.org\/{rel}","templated":true}]}}