{"id":17233,"date":"2025-12-01T11:29:30","date_gmt":"2025-12-01T14:29:30","guid":{"rendered":"https:\/\/solutidigital.com\/?page_id=17233"},"modified":"2026-01-19T11:39:47","modified_gmt":"2026-01-19T14:39:47","slug":"terms-of-use","status":"publish","type":"page","link":"https:\/\/solutidigital.com\/pt_mx\/terms-of-use\/","title":{"rendered":"Termos de Uso"},"content":{"rendered":"<html><body><p><strong>Bem-vindo ao nosso site.<\/strong> Antes de continuar a utiliz\u00e1-lo, convidamos voc\u00ea a ler atentamente os <strong>Termos de Uso<\/strong> descritos abaixo. Ao acessar ou utilizar este site, voc\u00ea concorda em cumprir estes termos. Caso n\u00e3o concorde com eles, por favor, n\u00e3o utilize este site.<\/p>\n\n\n\n<p><strong>Modifica\u00e7\u00f5es de Conte\u00fado:<\/strong><br>O conte\u00fado deste site pode ser alterado a qualquer momento, sem aviso pr\u00e9vio. Ele \u00e9 fornecido apenas para fins informativos gerais e n\u00e3o deve ser considerado aconselhamento profissional nem orienta\u00e7\u00e3o espec\u00edfica para qualquer situa\u00e7\u00e3o em particular.<\/p>\n\n\n\n<p><strong>Sem Garantias:<\/strong><br>N\u00e3o garantimos a exatid\u00e3o, atualidade, desempenho, integralidade ou adequa\u00e7\u00e3o das informa\u00e7\u00f5es e materiais encontrados neste site para qualquer finalidade espec\u00edfica. Voc\u00ea reconhece que tais informa\u00e7\u00f5es e conte\u00fados podem conter imprecis\u00f5es ou erros, e isentamos expressamente qualquer responsabilidade por essas imprecis\u00f5es ou erros, na m\u00e1xima extens\u00e3o permitida por lei.<\/p>\n\n\n\n<p><strong>Responsabilidade do Usu\u00e1rio:<\/strong><br>Qualquer uso das informa\u00e7\u00f5es ou do conte\u00fado deste site \u00e9 feito inteiramente por sua conta e risco, pelo qual n\u00e3o nos responsabilizamos. \u00c9 sua responsabilidade garantir que qualquer produto, servi\u00e7o ou informa\u00e7\u00e3o dispon\u00edvel neste site atenda \u00e0s suas necessidades espec\u00edficas.<\/p>\n\n\n\n<p><strong>Links para Outros Sites:<\/strong><br>Este site pode conter links para outros sites que n\u00e3o s\u00e3o operados nem controlados por n\u00f3s. Esses links s\u00e3o fornecidos apenas para sua conveni\u00eancia e para oferecer informa\u00e7\u00f5es adicionais. N\u00e3o temos controle sobre o conte\u00fado, as pol\u00edticas de privacidade ou as pr\u00e1ticas desses sites de terceiros. Portanto, isentamo-nos de qualquer responsabilidade por seus conte\u00fados ou pr\u00e1ticas.<\/p>\n\n\n\n<p><strong>Altera\u00e7\u00f5es nos Termos de Uso:<\/strong><br>Reservamo-nos o direito de modificar estes Termos de Uso a qualquer momento, sem aviso pr\u00e9vio. Ao continuar a utilizar este site, voc\u00ea concorda em estar vinculado \u00e0 vers\u00e3o atual destes termos.<\/p>\n\n\n\n<p>Ao acessar ou utilizar este site, voc\u00ea concorda com todas as condi\u00e7\u00f5es acima. Caso tenha alguma d\u00favida ou preocupa\u00e7\u00e3o em rela\u00e7\u00e3o a estes termos, entre em contato conosco. Obrigado por visitar nosso site.<\/p>\n\n\n\n<p><\/p>\n<\/body><\/html>","protected":false},"excerpt":{"rendered":"<p>Bem-vindo ao nosso site. Antes de continuar a utiliz\u00e1-lo, convidamos voc\u00ea a ler atentamente os Termos de Uso descritos abaixo. Ao acessar ou utilizar este site, voc\u00ea concorda em cumprir estes termos. Caso n\u00e3o concorde com eles, por favor, n\u00e3o utilize este site. Modifica\u00e7\u00f5es de Conte\u00fado:O conte\u00fado deste site pode ser alterado a qualquer momento, [&hellip;]<\/p>\n","protected":false},"author":7,"featured_media":0,"parent":0,"menu_order":0,"comment_status":"closed","ping_status":"closed","template":"","meta":{"footnotes":""},"class_list":["post-17233","page","type-page","status-publish","hentry"],"yoast_head":"<!-- This site is optimized with the Yoast SEO plugin v27.4 - https:\/\/yoast.com\/product\/yoast-seo-wordpress\/ -->\n<title>Termos de Uso - Soluti Digital<\/title>\n<meta name=\"robots\" content=\"index, follow, max-snippet:-1, max-image-preview:large, max-video-preview:-1\" \/>\n<link rel=\"canonical\" href=\"https:\/\/solutidigital.com\/pt_mx\/terms-of-use\/\" \/>\n<meta property=\"og:locale\" content=\"pt_PT\" \/>\n<meta property=\"og:type\" content=\"article\" \/>\n<meta property=\"og:title\" content=\"Termos de Uso - Soluti Digital\" \/>\n<meta property=\"og:description\" content=\"Bem-vindo ao nosso site. Antes de continuar a utiliz\u00e1-lo, convidamos voc\u00ea a ler atentamente os Termos de Uso descritos abaixo. Ao acessar ou utilizar este site, voc\u00ea concorda em cumprir estes termos. Caso n\u00e3o concorde com eles, por favor, n\u00e3o utilize este site. Modifica\u00e7\u00f5es de Conte\u00fado:O conte\u00fado deste site pode ser alterado a qualquer momento, [&hellip;]\" \/>\n<meta property=\"og:url\" content=\"https:\/\/solutidigital.com\/pt_mx\/terms-of-use\/\" \/>\n<meta property=\"og:site_name\" content=\"Soluti Digital\" \/>\n<meta property=\"article:modified_time\" content=\"2026-01-19T14:39:47+00:00\" \/>\n<meta name=\"twitter:card\" content=\"summary_large_image\" \/>\n<meta name=\"twitter:label1\" content=\"Est. reading time\" \/>\n\t<meta name=\"twitter:data1\" content=\"2 minutes\" \/>\n<script type=\"application\/ld+json\" class=\"yoast-schema-graph\">{\"@context\":\"https:\\\/\\\/schema.org\",\"@graph\":[{\"@type\":\"WebPage\",\"@id\":\"https:\\\/\\\/solutidigital.com\\\/terms-of-use\\\/\",\"url\":\"https:\\\/\\\/solutidigital.com\\\/terms-of-use\\\/\",\"name\":\"Termos de Uso - Soluti Digital\",\"isPartOf\":{\"@id\":\"https:\\\/\\\/solutidigital.com\\\/#website\"},\"datePublished\":\"2025-12-01T14:29:30+00:00\",\"dateModified\":\"2026-01-19T14:39:47+00:00\",\"breadcrumb\":{\"@id\":\"https:\\\/\\\/solutidigital.com\\\/terms-of-use\\\/#breadcrumb\"},\"inLanguage\":\"pt-mx\",\"potentialAction\":[{\"@type\":\"ReadAction\",\"target\":[\"https:\\\/\\\/solutidigital.com\\\/terms-of-use\\\/\"]}]},{\"@type\":\"BreadcrumbList\",\"@id\":\"https:\\\/\\\/solutidigital.com\\\/terms-of-use\\\/#breadcrumb\",\"itemListElement\":[{\"@type\":\"ListItem\",\"position\":1,\"name\":\"In\u00edcio\",\"item\":\"https:\\\/\\\/solutidigital.com\\\/\"},{\"@type\":\"ListItem\",\"position\":2,\"name\":\"Termos de Uso\"}]},{\"@type\":\"WebSite\",\"@id\":\"https:\\\/\\\/solutidigital.com\\\/#website\",\"url\":\"https:\\\/\\\/solutidigital.com\\\/\",\"name\":\"Soluti Digital\",\"description\":\"\",\"potentialAction\":[{\"@type\":\"SearchAction\",\"target\":{\"@type\":\"EntryPoint\",\"urlTemplate\":\"https:\\\/\\\/solutidigital.com\\\/?s={search_term_string}\"},\"query-input\":{\"@type\":\"PropertyValueSpecification\",\"valueRequired\":true,\"valueName\":\"search_term_string\"}}],\"inLanguage\":\"pt-mx\"}]}<\/script>\n<!-- \/ Yoast SEO plugin. -->","yoast_head_json":{"title":"Termos de Uso - Soluti Digital","robots":{"index":"index","follow":"follow","max-snippet":"max-snippet:-1","max-image-preview":"max-image-preview:large","max-video-preview":"max-video-preview:-1"},"canonical":"https:\/\/solutidigital.com\/pt_mx\/terms-of-use\/","og_locale":"pt_PT","og_type":"article","og_title":"Termos de Uso - Soluti Digital","og_description":"Bem-vindo ao nosso site. Antes de continuar a utiliz\u00e1-lo, convidamos voc\u00ea a ler atentamente os Termos de Uso descritos abaixo. Ao acessar ou utilizar este site, voc\u00ea concorda em cumprir estes termos. Caso n\u00e3o concorde com eles, por favor, n\u00e3o utilize este site. Modifica\u00e7\u00f5es de Conte\u00fado:O conte\u00fado deste site pode ser alterado a qualquer momento, [&hellip;]","og_url":"https:\/\/solutidigital.com\/pt_mx\/terms-of-use\/","og_site_name":"Soluti Digital","article_modified_time":"2026-01-19T14:39:47+00:00","twitter_card":"summary_large_image","twitter_misc":{"Est. reading time":"2 minutes"},"schema":{"@context":"https:\/\/schema.org","@graph":[{"@type":"WebPage","@id":"https:\/\/solutidigital.com\/terms-of-use\/","url":"https:\/\/solutidigital.com\/terms-of-use\/","name":"Termos de Uso - Soluti Digital","isPartOf":{"@id":"https:\/\/solutidigital.com\/#website"},"datePublished":"2025-12-01T14:29:30+00:00","dateModified":"2026-01-19T14:39:47+00:00","breadcrumb":{"@id":"https:\/\/solutidigital.com\/terms-of-use\/#breadcrumb"},"inLanguage":"pt-mx","potentialAction":[{"@type":"ReadAction","target":["https:\/\/solutidigital.com\/terms-of-use\/"]}]},{"@type":"BreadcrumbList","@id":"https:\/\/solutidigital.com\/terms-of-use\/#breadcrumb","itemListElement":[{"@type":"ListItem","position":1,"name":"In\u00edcio","item":"https:\/\/solutidigital.com\/"},{"@type":"ListItem","position":2,"name":"Termos de Uso"}]},{"@type":"WebSite","@id":"https:\/\/solutidigital.com\/#website","url":"https:\/\/solutidigital.com\/","name":"Soluti Digital","description":"","potentialAction":[{"@type":"SearchAction","target":{"@type":"EntryPoint","urlTemplate":"https:\/\/solutidigital.com\/?s={search_term_string}"},"query-input":{"@type":"PropertyValueSpecification","valueRequired":true,"valueName":"search_term_string"}}],"inLanguage":"pt-mx"}]}},"_links":{"self":[{"href":"https:\/\/solutidigital.com\/pt_mx\/wp-json\/wp\/v2\/pages\/17233","targetHints":{"allow":["GET"]}}],"collection":[{"href":"https:\/\/solutidigital.com\/pt_mx\/wp-json\/wp\/v2\/pages"}],"about":[{"href":"https:\/\/solutidigital.com\/pt_mx\/wp-json\/wp\/v2\/types\/page"}],"author":[{"embeddable":true,"href":"https:\/\/solutidigital.com\/pt_mx\/wp-json\/wp\/v2\/users\/7"}],"replies":[{"embeddable":true,"href":"https:\/\/solutidigital.com\/pt_mx\/wp-json\/wp\/v2\/comments?post=17233"}],"version-history":[{"count":2,"href":"https:\/\/solutidigital.com\/pt_mx\/wp-json\/wp\/v2\/pages\/17233\/revisions"}],"predecessor-version":[{"id":17249,"href":"https:\/\/solutidigital.com\/pt_mx\/wp-json\/wp\/v2\/pages\/17233\/revisions\/17249"}],"wp:attachment":[{"href":"https:\/\/solutidigital.com\/pt_mx\/wp-json\/wp\/v2\/media?parent=17233"}],"curies":[{"name":"wp","href":"https:\/\/api.w.org\/{rel}","templated":true}]}}